{"id":2,"date":"2016-03-18T15:57:38","date_gmt":"2016-03-18T14:57:38","guid":{"rendered":"https:\/\/boryczowka.pl\/?page_id=2"},"modified":"2025-10-22T19:03:48","modified_gmt":"2025-10-22T17:03:48","slug":"przykladowa-strona","status":"publish","type":"page","link":"https:\/\/boryczowka.pl\/","title":{"rendered":"Strona g\u0142\u00f3wna"},"content":{"rendered":"\n<figure class=\"wp-block-gallery has-nested-images columns-default is-cropped wp-block-gallery-1 is-layout-flex\"><\/figure>\n\n\n<p style=\"text-align: justify;\">Witamy serdecznie na stronie po\u015bwi\u0119conej mieszka\u0144com Borycz\u00f3wki, polskiej wioski kresowej oddalonej o 7 km od Trembowli. Wioska typowa jak dla Podola licz\u0105ca ok. 1000 mieszka\u0144c\u00f3w. Mieszkali tam jednak wspaniali ludzie, kt\u00f3rzy ukochali sw\u00f3j kraj. Ta mi\u0142o\u015b\u0107 przetrwa\u0142a przez dziesi\u0105tki lat po przesiedleniu. Wyra\u017caj\u0105 j\u0105 w XV cz\u0119\u015bciach wspomnie\u0144, ju\u017c opublikowanych pt. &#8222;Sami Swoi z Borycz\u00f3wki&#8221;. Tak prosz\u0119 Pa\u0144stwa ta znakomita trylogia Andrzeja Mularczyka &#8222;Sami Swoi&#8221;, &#8222;Nie ma mocnych&#8221; i &#8222;Kochaj albo rzu\u0107&#8221; ma sw\u00f3j pierwowz\u00f3r w ludziach i obyczajach z Borycz\u00f3wki. O tym wszystkim i jeszcze wi\u0119cej znajdziecie Pa\u0144stwo na tej stronie.<\/p>\n<p style=\"text-align: justify;\">ZAPRASZAMY.<\/p>\n<p style=\"text-align: justify;\">\n<\/p><p style=\"text-align: center;\"><a href=\"https:\/\/boryczowka.pl\/wp-content\/uploads\/2016\/03\/trembowla_mapa1.jpg\" rel=\"attachment wp-att-36\"><img decoding=\"async\" loading=\"lazy\" class=\"alignnone wp-image-36\" src=\"https:\/\/boryczowka.pl\/wp-content\/uploads\/2016\/03\/trembowla_mapa1.jpg\" alt=\"trembowla_mapa1\" width=\"613\" height=\"606\" srcset=\"https:\/\/boryczowka.pl\/wp-content\/uploads\/2016\/03\/trembowla_mapa1.jpg 725w, https:\/\/boryczowka.pl\/wp-content\/uploads\/2016\/03\/trembowla_mapa1-300x297.jpg 300w, https:\/\/boryczowka.pl\/wp-content\/uploads\/2016\/03\/trembowla_mapa1-120x120.jpg 120w\" sizes=\"(max-width: 613px) 100vw, 613px\" \/><\/a> <a href=\"https:\/\/boryczowka.pl\/wp-content\/uploads\/2016\/03\/Tablica_cala2.jpg\" rel=\"attachment wp-att-34\"><img decoding=\"async\" loading=\"lazy\" class=\"alignnone wp-image-34\" src=\"https:\/\/boryczowka.pl\/wp-content\/uploads\/2016\/03\/Tablica_cala2.jpg\" alt=\"Tablica_cala2\" width=\"341\" height=\"606\" srcset=\"https:\/\/boryczowka.pl\/wp-content\/uploads\/2016\/03\/Tablica_cala2.jpg 842w, https:\/\/boryczowka.pl\/wp-content\/uploads\/2016\/03\/Tablica_cala2-169x300.jpg 169w, https:\/\/boryczowka.pl\/wp-content\/uploads\/2016\/03\/Tablica_cala2-768x1366.jpg 768w, https:\/\/boryczowka.pl\/wp-content\/uploads\/2016\/03\/Tablica_cala2-576x1024.jpg 576w\" sizes=\"(max-width: 341px) 100vw, 341px\" \/><\/a><\/p>\n<p style=\"text-align: center;\">\n<\/p><p style=\"text-align: center;\"><img decoding=\"async\" loading=\"lazy\" class=\"alignnone wp-image-35\" src=\"https:\/\/boryczowka.pl\/wp-content\/uploads\/2016\/03\/Tort-20lat-v2-300x169.jpg\" alt=\"Tort 20lat v2\" width=\"551\" height=\"310\" srcset=\"https:\/\/boryczowka.pl\/wp-content\/uploads\/2016\/03\/Tort-20lat-v2-300x169.jpg 300w, https:\/\/boryczowka.pl\/wp-content\/uploads\/2016\/03\/Tort-20lat-v2-768x432.jpg 768w, https:\/\/boryczowka.pl\/wp-content\/uploads\/2016\/03\/Tort-20lat-v2-1024x575.jpg 1024w\" sizes=\"(max-width: 551px) 100vw, 551px\" \/>&nbsp;<img decoding=\"async\" loading=\"lazy\" class=\"alignnone wp-image-32\" src=\"https:\/\/boryczowka.pl\/wp-content\/uploads\/2016\/03\/Kosciol-Boryczowka.jpg\" alt=\"Kosciol Boryczowka\" width=\"413\" height=\"309\"><\/p>","protected":false},"excerpt":{"rendered":"<p>Witamy serdecznie na stronie po\u015bwi\u0119conej mieszka\u0144com Borycz\u00f3wki, polskiej wioski kresowej oddalonej o 7 km od Trembowli. Wioska typowa jak dla Podola licz\u0105ca ok. 1000 mieszka\u0144c\u00f3w. Mieszkali tam jednak wspaniali ludzie, kt\u00f3rzy ukochali sw\u00f3j kraj. Ta mi\u0142o\u015b\u0107 przetrwa\u0142a przez dziesi\u0105tki lat po przesiedleniu. Wyra\u017caj\u0105 j\u0105 w XV cz\u0119\u015bciach wspomnie\u0144, ju\u017c opublikowanych pt. &#8222;Sami Swoi z Borycz\u00f3wki&#8221;. Tak prosz\u0119 Pa\u0144stwa ta znakomita trylogia Andrzeja Mularczyka &#8222;Sami Swoi&#8221;, &#8222;Nie ma mocnych&#8221; i &#8222;Kochaj&#8230;<\/p>\n","protected":false},"author":2,"featured_media":0,"parent":0,"menu_order":0,"comment_status":"closed","ping_status":"open","template":"","meta":[],"_links":{"self":[{"href":"https:\/\/boryczowka.pl\/index.php?rest_route=\/wp\/v2\/pages\/2"}],"collection":[{"href":"https:\/\/boryczowka.pl\/index.php?rest_route=\/wp\/v2\/pages"}],"about":[{"href":"https:\/\/boryczowka.pl\/index.php?rest_route=\/wp\/v2\/types\/page"}],"author":[{"embeddable":true,"href":"https:\/\/boryczowka.pl\/index.php?rest_route=\/wp\/v2\/users\/2"}],"replies":[{"embeddable":true,"href":"https:\/\/boryczowka.pl\/index.php?rest_route=%2Fwp%2Fv2%2Fcomments&post=2"}],"version-history":[{"count":19,"href":"https:\/\/boryczowka.pl\/index.php?rest_route=\/wp\/v2\/pages\/2\/revisions"}],"predecessor-version":[{"id":1553,"href":"https:\/\/boryczowka.pl\/index.php?rest_route=\/wp\/v2\/pages\/2\/revisions\/1553"}],"wp:attachment":[{"href":"https:\/\/boryczowka.pl\/index.php?rest_route=%2Fwp%2Fv2%2Fmedia&parent=2"}],"curies":[{"name":"wp","href":"https:\/\/api.w.org\/{rel}","templated":true}]}}